{"id":3749,"date":"2023-08-08T22:47:18","date_gmt":"2023-08-09T03:47:18","guid":{"rendered":"https:\/\/distribuidor.matchacha.co\/?post_type=product&#038;p=3749"},"modified":"2024-08-01T11:08:51","modified_gmt":"2024-08-01T16:08:51","slug":"holder","status":"publish","type":"product","link":"https:\/\/distribuidor.matchacha.co\/?product=holder","title":{"rendered":"Holder \/ Soporte c\u00e9ramico"},"content":{"rendered":"<pre><strong>Soporte c\u00e9ramico que nos ayuda alargar la vida \u00fatil del batidor bamb\u00fa<\/strong><\/pre>\n","protected":false},"excerpt":{"rendered":"<p>Soporte c\u00e9ramico que nos ayuda alargar la vida \u00fatil del batidor bamb\u00fa<\/p>\n","protected":false},"featured_media":3750,"comment_status":"open","ping_status":"closed","template":"","meta":{"_joinchat":[]},"product_brand":[],"product_cat":[103],"product_tag":[],"class_list":{"0":"post-3749","1":"product","2":"type-product","3":"status-publish","4":"has-post-thumbnail","6":"product_cat-accesorios","9":"instock","10":"taxable","11":"shipping-taxable","12":"purchasable","13":"product-type-simple"},"aioseo_notices":[],"_links":{"self":[{"href":"https:\/\/distribuidor.matchacha.co\/index.php?rest_route=\/wp\/v2\/product\/3749","targetHints":{"allow":["GET"]}}],"collection":[{"href":"https:\/\/distribuidor.matchacha.co\/index.php?rest_route=\/wp\/v2\/product"}],"about":[{"href":"https:\/\/distribuidor.matchacha.co\/index.php?rest_route=\/wp\/v2\/types\/product"}],"replies":[{"embeddable":true,"href":"https:\/\/distribuidor.matchacha.co\/index.php?rest_route=%2Fwp%2Fv2%2Fcomments&post=3749"}],"version-history":[{"count":4,"href":"https:\/\/distribuidor.matchacha.co\/index.php?rest_route=\/wp\/v2\/product\/3749\/revisions"}],"predecessor-version":[{"id":3869,"href":"https:\/\/distribuidor.matchacha.co\/index.php?rest_route=\/wp\/v2\/product\/3749\/revisions\/3869"}],"wp:featuredmedia":[{"embeddable":true,"href":"https:\/\/distribuidor.matchacha.co\/index.php?rest_route=\/wp\/v2\/media\/3750"}],"wp:attachment":[{"href":"https:\/\/distribuidor.matchacha.co\/index.php?rest_route=%2Fwp%2Fv2%2Fmedia&parent=3749"}],"wp:term":[{"taxonomy":"product_brand","embeddable":true,"href":"https:\/\/distribuidor.matchacha.co\/index.php?rest_route=%2Fwp%2Fv2%2Fproduct_brand&post=3749"},{"taxonomy":"product_cat","embeddable":true,"href":"https:\/\/distribuidor.matchacha.co\/index.php?rest_route=%2Fwp%2Fv2%2Fproduct_cat&post=3749"},{"taxonomy":"product_tag","embeddable":true,"href":"https:\/\/distribuidor.matchacha.co\/index.php?rest_route=%2Fwp%2Fv2%2Fproduct_tag&post=3749"}],"curies":[{"name":"wp","href":"https:\/\/api.w.org\/{rel}","templated":true}]}}